{"id":2526,"date":"2024-12-14T13:55:24","date_gmt":"2024-12-14T12:55:24","guid":{"rendered":"https:\/\/fabulous-life-spirit.com\/agb\/"},"modified":"2026-03-26T21:22:38","modified_gmt":"2026-03-26T20:22:38","slug":"gtc","status":"publish","type":"page","link":"https:\/\/fabulous-life-spirit.com\/en\/gtc\/","title":{"rendered":"General Terms and Conditions"},"content":{"rendered":"\n<style type=\"text\/css\" data-created_by=\"avia_inline_auto\" id=\"style-css-av-4ci1ss-a34a9aef5e1ca160393b5382a2bf6eee\">\n.avia-section.av-4ci1ss-a34a9aef5e1ca160393b5382a2bf6eee{\nbackground-color:#ffffff;\nbackground:linear-gradient( to bottom, #ffffff, #d8e3df );\n}\n<\/style>\n<div id='av_section_1'  class='avia-section av-4ci1ss-a34a9aef5e1ca160393b5382a2bf6eee main_color avia-section-default avia-no-border-styling  avia-builder-el-0  avia-builder-el-no-sibling  avia-bg-style-scroll container_wrap sidebar_right'  ><div class='container av-section-cont-open' ><main  role=\"main\" itemprop=\"mainContentOfPage\"  class='template-page content  av-content-small alpha units'><div class='post-entry post-entry-type-page post-entry-2526'><div class='entry-content-wrapper clearfix'>\n\n<style type=\"text\/css\" data-created_by=\"avia_inline_auto\" id=\"style-css-av-2dwgvw-b195a8720cf4368ebd797db77be0ed3d\">\n.flex_column.av-2dwgvw-b195a8720cf4368ebd797db77be0ed3d{\npadding:50px 50px 50px 50px;\n}\n<\/style>\n<div  class='flex_column av-2dwgvw-b195a8720cf4368ebd797db77be0ed3d av_one_full  avia-builder-el-1  avia-builder-el-no-sibling  first flex_column_div  '     ><p>\n<style type=\"text\/css\" data-created_by=\"avia_inline_auto\" id=\"style-css-av-m4u297pl-7b961e0a3238c345900864376913c43c\">\n#top .av-special-heading.av-m4u297pl-7b961e0a3238c345900864376913c43c{\npadding-bottom:10px;\n}\nbody .av-special-heading.av-m4u297pl-7b961e0a3238c345900864376913c43c .av-special-heading-tag .heading-char{\nfont-size:25px;\n}\n.av-special-heading.av-m4u297pl-7b961e0a3238c345900864376913c43c .av-subheading{\nfont-size:15px;\n}\n<\/style>\n<div  class='av-special-heading av-m4u297pl-7b961e0a3238c345900864376913c43c av-special-heading-h1 blockquote modern-quote  avia-builder-el-2  el_before_av_textblock  avia-builder-el-first '><h1 class='av-special-heading-tag '  itemprop=\"headline\"  >General Terms and Conditions<\/h1><div class=\"special-heading-border\"><div class=\"special-heading-inner-border\"><\/div><\/div><\/div><br \/>\n<section  class='av_textblock_section av-m4u2kgye-bd3258862bdb3eb9cd99e6c154853774 '   itemscope=\"itemscope\" itemtype=\"https:\/\/schema.org\/CreativeWork\" ><div class='avia_textblock'  itemprop=\"text\" ><h4 class=\"font_8\" dir=\"ltr\">1. Geltungsbereich<\/h4>\n<p class=\"font_8\" dir=\"ltr\">Claudia Kr\u00fcger f\u00fchrt mit ihrer Firma Beratungen, Workshops und Mentoring Programme ausschlie\u00dflich aufgrund dieser Allgemeinen Gesch\u00e4ftsbedingungen (AGB) durch. Mit der Beauftragung gelten diese Bedingungen als angenommen. Diese AGB sind Bestandteil aller Vertr\u00e4ge, die Claudia Kr\u00fcger mit den Kunden \u00fcber die von Claudia Kr\u00fcger angebotenen Leistungen schlie\u00dft. Entgegenstehende Gesch\u00e4ftsbedingungen des Kunden gelten nicht, es sei denn, dass sie von Claudia Kr\u00fcger ausdr\u00fccklich schriftlich anerkannt werden.<\/p>\n<p class=\"font_8\" dir=\"ltr\">Gegenstand des Mentor-Klienten-Verh\u00e4ltnisses ist die Erbringung der vereinbarten Leistungen, nicht die Herbeif\u00fchrung eines bestimmten Erfolges. Insbesondere schuldet Claudia Kr\u00fcger nicht ein bestimmtes wirtschaftliches oder gesundheitliches Ergebnis. Die Stellungnahmen und Empfehlungen von Claudia Kr\u00fcger dienen der eigenverantwortlichen pers\u00f6nlichen Entwicklung des Kunden. Sie k\u00f6nnen in keinem Fall den Besuch beim Arzt bzw. Therapeuten oder Heilpraktiker ersetzen.<\/p>\n<p class=\"font_8\" dir=\"ltr\">Claudia Kr\u00fcger ist berechtigt, Hilfskr\u00e4fte, sachverst\u00e4ndige Dritte und andere Erf\u00fcllungsgehilfen zur Durchf\u00fchrung eines Workshops oder Mentoring Programmes heranzuziehen.<\/p>\n<p class=\"font_8\" dir=\"ltr\">Claudia Kr\u00fcger erbringt die Beratungsleistungen auf der Grundlage der vom Kunden zur Verf\u00fcgung gestellten Daten und Informationen. Die Gew\u00e4hr f\u00fcr ihre sachliche Richtigkeit und Vollst\u00e4ndigkeit liegt beim Kunden.<\/p>\n<p class=\"font_8\" dir=\"ltr\">Eine entsprechende Einverst\u00e4ndniserkl\u00e4rung ist ggf. jeweils vor dem Termin bzw. Workshop vom Kunden zu unterzeichnen. Sie ist Voraussetzung f\u00fcr die Arbeit mit Claudia Kr\u00fcger.<\/p>\n<h4 class=\"font_8\" dir=\"ltr\">2. Verschwiegenheitspflicht<\/h4>\n<p class=\"font_8\" dir=\"ltr\">Frau Claudia Kr\u00fcger verpflichtet sich, Informationen \u00fcber den Kunden strikt vertraulich zu behandeln, nicht an Dritte weiterzugeben und sich auf Wunsch des Kunden von den Angestellten oder freien Mitarbeitern eine entsprechende Verpflichtungserkl\u00e4rung unterzeichnen zu lassen.<\/p>\n<h4 class=\"font_8\" dir=\"ltr\">3. Preise und Zahlungsbedingungen<\/h4>\n<div>\n<p class=\"Textbody\">Die Angebote sind freibleibend. \u00c4nderungen sind vorbehalten. Alle Honorare verstehen sich in Euro. F\u00fcr Beratungsleistungen werden die auf der Website https:\/\/fabulous-life-spirit.com ver\u00f6ffentlichten bzw. im jeweiligen Angebot genannten Honorare berechnet. Ein kurzes Erstgespr\u00e4ch von h\u00f6chstens 20 Minuten, auch telefonisch, ist kostenlos und kl\u00e4rt, ob Claudia Kr\u00fcger tats\u00e4chlich die perfekte Begleitung f\u00fcr den Kunden leisten kann.<\/p>\n<\/div>\n<div>\n<p class=\"Textbody\">In der Regel finden die Mentoring-Termine pers\u00f6nlich (vor Ort\/online) statt. Findet die Beratung au\u00dferhalb der R\u00e4umlichkeiten von Claudia Kr\u00fcger statt, werden zus\u00e4tzlich Reisekosten in H\u00f6he von \u20ac 0,30 pro Kilometer und \u00dcbernachtungskosten in angemessenem Rahmen sowie eine Verpflegungspauschale in H\u00f6he von kalendert\u00e4glich \u20ac 60,\u2013 berechnet. Solange keine schriftliche Kostenzusage von dritter Stelle vorliegt, ist der Kunde Schuldner des Beratungs-Honorars.<\/p>\n<\/div>\n<div>\n<p class=\"Textbody\">Das Honorar f\u00fcr die Beratungen ist, wenn nichts anderes schriftlich vereinbart wurde, am Tag vor dem vereinbarten Termin f\u00e4llig bzw. muss vor dem Termin in voller H\u00f6he auf dem Konto von\u00a0 eingegangen sein.Claudia Kr\u00fcger<\/p>\n<\/div>\n<div>\n<p class=\"Textbody\">F\u00fcr Beratungen au\u00dferhalb der R\u00e4umlichkeiten von Claudia Kr\u00fcger ist das Honorar nebst Fahrt- und \u00dcbernachtungskosten sowie der kalendert\u00e4glichen Verpflegungspauschale im Voraus sp\u00e4testens eine Woche vor dem vereinbarten Termin auf das Konto von Claudia Kr\u00fcger zu \u00fcberweisen. Widrigenfalls ist Claudia Kr\u00fcger berechtigt, den Vertrag zu k\u00fcndigen.<\/p>\n<\/div>\n<div>\n<p class=\"Textbody\">Die Zur\u00fcckbehaltung des Honorars und die Aufrechnung sind nur zul\u00e4ssig, wenn die Anspr\u00fcche des Kunden von Claudia Kr\u00fcger anerkannt oder rechtskr\u00e4ftig festgestellt sind.<\/p>\n<\/div>\n<div>\n<p class=\"Textbody\">F\u00fcr die Teilnahme an einem Gruppen Mentoring mit begrenzter PlatzZahl sichert eine jeweils entsprechend angek\u00fcndigte Anzahlung den Platz. Die Pl\u00e4tze werden nach Datum des Zahlungseingangs vergeben. Der jeweilige Restbetrag ist bis sp\u00e4testens 5 Tage vor dem ersten Termin des Mentorings zu \u00fcberweisen.<\/p>\n<\/div>\n<p class=\"font_8\" dir=\"ltr\">Ratenzahlung ist f\u00fcr individuelle Begleitung nach schriftlicher Vereinbarung m\u00f6glich. Bei nicht fristgem\u00e4\u00df erfolgter Zahlung endet das Mentoring einschlie\u00dflich Zugang zu entsprechenden online Gruppen und Material sofort und ohne gesonderte Ank\u00fcndigung.<\/p>\n<h4 class=\"font_8\" dir=\"ltr\">4. Absagen<\/h4>\n<div>\n<p class=\"Textbody\">Bereits vereinbarte EinzelTermine sind p\u00fcnktlich wahrzunehmen und k\u00f6nnen max. ein Mal verschoben werden. Danach wird das Honorar in voller H\u00f6he f\u00e4llig, es sei denn, der Termin kann neu vergeben werden.<\/p>\n<\/div>\n<div>\n<p class=\"Textbody\">Die vereinbarte Uhrzeit ist einzuhalten, vom Klienten verschuldete Versp\u00e4tung des Beginns verk\u00fcrzt die vereinbarte Dauer des Termins entsprechend.<\/p>\n<\/div>\n<div>\n<p class=\"Textbody\">Bei Absage der Teilnahme an einem Gruppen Mentoring bleibt der Betrag in voller H\u00f6he f\u00e4llig, es sei denn, der Platz kann neu belegt werden oder es gibt eine zwingend schl\u00fcssige Begr\u00fcndung (z. B. schwere Erkrankung, die eine Teilnahme g\u00e4nzlich verhindert).<\/p>\n<\/div>\n<p class=\"font_8\" dir=\"ltr\">Sollte Claudia Kr\u00fcger einen Termin oder ein Gruppen Mentoring selbst absagen, werden alle bereits geleisteten Zahlungen in voller H\u00f6he zur\u00fcckerstattet.<\/p>\n<h4 class=\"font_8\" dir=\"ltr\">5. Copyright<\/h4>\n<div>\n<p class=\"Textbody\">Alle an Kunden bzw. Teilnehmer ausgeh\u00e4ndigten Unterlagen\/Texte und Aufzeichnungen (Video und Audio) sind, soweit nichts anderes vereinbart ist, in der vereinbarten Verg\u00fctung enthalten.<\/p>\n<\/div>\n<div>\n<p class=\"Textbody\">Das Urheberrecht an den Unterlagen\/Texte und Aufzeichnungen (Video und Audio) geh\u00f6rt allein Claudia Kr\u00fcger. Dem Kunden\/Teilnehmer ist es nicht gestattet, die Unterlagen\/Texte und Aufzeichnungen ohne schriftliche Zustimmung von Claudia Kr\u00fcger ganz oder auszugsweise zu reproduzieren und\/oder Dritten zug\u00e4nglich zu machen.<\/p>\n<\/div>\n<h4 class=\"font_8\" dir=\"ltr\">6. Haftung<\/h4>\n<p class=\"font_8\" dir=\"ltr\">Jeder Kunde tr\u00e4gt die volle Verantwortung f\u00fcr sich und seine Handlungen w\u00e4hrend und au\u00dferhalb der Termine,\u00a0Workshops und Mentorings und kommt f\u00fcr von ihm verursachte Sch\u00e4den selbst auf.<\/p>\n<p class=\"font_8\" dir=\"ltr\">Anweisungen der Beratungsperson sind unbedingt Folge zu leisten. Bei Nichtbefolgung besteht keinerlei Haftung durch Claudia Kr\u00fcger.<\/p>\n<p class=\"font_8\" dir=\"ltr\">Claudia Kr\u00fcger haftet im Rahmen der Sorgfaltspflicht eines ordentlichen Kaufmannes f\u00fcr die Richtigkeit der Leistungsbeschreibung und der ordnungsgem\u00e4\u00dfen Erbringung der vertraglich vereinbarten Leistungen. Die Haftung von Sabine Weiskopf ist auf das Dreifache der Teilnahmegeb\u00fchr beschr\u00e4nkt und besteht nur bei Vorsatz und grober Fahrl\u00e4ssigkeit.<\/p>\n<p class=\"font_8\" dir=\"ltr\">Die An- und Abreise des Kunden zum und vom Veranstaltungsort erfolgt stets auf seine eigene Verantwortung. Eine Haftung durch Claudia Kr\u00fcger ist ausgeschlossen.<\/p>\n<p class=\"font_8\" dir=\"ltr\">Die Informationen, Ratschl\u00e4ge und \u00dcbungen in EinzelTerminen, Workshops und Gruppen Mentorings sowie in allen Dokumentationen wurden von Sabine Weiskopf sorgf\u00e4ltig gepr\u00fcft. Bei der T\u00e4tigkeit von Claudia Kr\u00fcger handelt es sich um eine reine Beratungst\u00e4tigkeit. Ein Erfolg ist daher nicht geschuldet. Eine Haftung hierf\u00fcr wird ausgeschlossen. Der Versand bzw. die elektronische \u00dcbertragung jeglicher Daten erfolgt auf Gefahr des Kunden.<\/p>\n<h4 class=\"font_8\" dir=\"ltr\">7. Erf\u00fcllungsort, Gerichtsstand und anwendbares Recht<\/h4>\n<p>Claudia Kr\u00fcger, Fabulous Life Spirit, Wittekamp 20D, 30163 Hannover<\/p>\n<p>Erf\u00fcllungsort f\u00fcr Leistungen aus dem Vertrag ist Hannover.<\/p>\n<p>Gerichtsstand f\u00fcr Klagen gegen Claudia Kr\u00fcger ist deren Sitz in Hannover.<\/p>\n<p class=\"font_8\" dir=\"ltr\">Auf das gesamte Vertragsverh\u00e4ltnis zwischen Claudia Kr\u00fcger und dem Teilnehmer\/Kunden findet ausschlie\u00dflich deutsches Recht Anwendung.<\/p>\n<h4 class=\"font_8\" dir=\"ltr\">8. Salvatorische Klausel<\/h4>\n<p class=\"font_8\" dir=\"ltr\">Sollte eine Bestimmung dieses Nachtrages unwirksam sein oder werden, wird die Geltung dieser AGBs nicht ber\u00fchrt. Die Parteien verpflichten sich, die unwirksame Bestimmung durch eine wirksame Bestimmung zu ersetzen, die dem tats\u00e4chlichen Willen der Parteien und der wirtschaftlichen Bedeutung der Bestimmung entspricht. Dasselbe gilt f\u00fcr den Fall einer Regelungsl\u00fccke.<\/p>\n<\/div><\/section><\/p><\/div><\/div><\/div><\/main><!-- close content main element --><\/div><\/div><div id='after_section_1'  class='main_color av_default_container_wrap container_wrap sidebar_right'  ><div class='container av-section-cont-open' ><div class='template-page content  av-content-small alpha units'><div class='post-entry post-entry-type-page post-entry-2526'><div class='entry-content-wrapper clearfix'>\n","protected":false},"excerpt":{"rendered":"","protected":false},"author":1,"featured_media":0,"parent":0,"menu_order":0,"comment_status":"closed","ping_status":"closed","template":"","meta":{"footnotes":""},"class_list":["post-2526","page","type-page","status-publish","hentry"],"yoast_head":"<!-- This site is optimized with the Yoast SEO plugin v27.4 - https:\/\/yoast.com\/product\/yoast-seo-wordpress\/ -->\n<title>General Terms and Conditions - Fabulous Life Spirit - Coaching + Transformation<\/title>\n<meta name=\"robots\" content=\"index, follow, max-snippet:-1, max-image-preview:large, max-video-preview:-1\" \/>\n<link rel=\"canonical\" href=\"https:\/\/fabulous-life-spirit.com\/en\/gtc\/\" \/>\n<meta property=\"og:locale\" content=\"en_US\" \/>\n<meta property=\"og:type\" content=\"article\" \/>\n<meta property=\"og:title\" content=\"General Terms and Conditions - Fabulous Life Spirit - Coaching + Transformation\" \/>\n<meta property=\"og:url\" content=\"https:\/\/fabulous-life-spirit.com\/en\/gtc\/\" \/>\n<meta property=\"og:site_name\" content=\"Fabulous Life Spirit - Coaching + Transformation\" \/>\n<meta property=\"article:modified_time\" content=\"2026-03-26T20:22:38+00:00\" \/>\n<meta name=\"twitter:card\" content=\"summary_large_image\" \/>\n<meta name=\"twitter:label1\" content=\"Est. reading time\" \/>\n\t<meta name=\"twitter:data1\" content=\"6 minutes\" \/>\n<script type=\"application\/ld+json\" class=\"yoast-schema-graph\">{\"@context\":\"https:\\\/\\\/schema.org\",\"@graph\":[{\"@type\":\"WebPage\",\"@id\":\"https:\\\/\\\/fabulous-life-spirit.com\\\/en\\\/gtc\\\/\",\"url\":\"https:\\\/\\\/fabulous-life-spirit.com\\\/en\\\/gtc\\\/\",\"name\":\"General Terms and Conditions - Fabulous Life Spirit - Coaching + Transformation\",\"isPartOf\":{\"@id\":\"https:\\\/\\\/fabulous-life-spirit.com\\\/en\\\/#website\"},\"datePublished\":\"2024-12-14T12:55:24+00:00\",\"dateModified\":\"2026-03-26T20:22:38+00:00\",\"breadcrumb\":{\"@id\":\"https:\\\/\\\/fabulous-life-spirit.com\\\/en\\\/gtc\\\/#breadcrumb\"},\"inLanguage\":\"en-US\",\"potentialAction\":[{\"@type\":\"ReadAction\",\"target\":[\"https:\\\/\\\/fabulous-life-spirit.com\\\/en\\\/gtc\\\/\"]}]},{\"@type\":\"BreadcrumbList\",\"@id\":\"https:\\\/\\\/fabulous-life-spirit.com\\\/en\\\/gtc\\\/#breadcrumb\",\"itemListElement\":[{\"@type\":\"ListItem\",\"position\":1,\"name\":\"Startseite\",\"item\":\"https:\\\/\\\/fabulous-life-spirit.com\\\/en\\\/\"},{\"@type\":\"ListItem\",\"position\":2,\"name\":\"General Terms and Conditions\"}]},{\"@type\":\"WebSite\",\"@id\":\"https:\\\/\\\/fabulous-life-spirit.com\\\/en\\\/#website\",\"url\":\"https:\\\/\\\/fabulous-life-spirit.com\\\/en\\\/\",\"name\":\"Fabulous Life Spirit - Coaching + Transformation\",\"description\":\"Claudia Kr\u00fcger I Self-Love Coach + Mentorin I Energy Intuitive I QHD Specialist\",\"potentialAction\":[{\"@type\":\"SearchAction\",\"target\":{\"@type\":\"EntryPoint\",\"urlTemplate\":\"https:\\\/\\\/fabulous-life-spirit.com\\\/en\\\/?s={search_term_string}\"},\"query-input\":{\"@type\":\"PropertyValueSpecification\",\"valueRequired\":true,\"valueName\":\"search_term_string\"}}],\"inLanguage\":\"en-US\"}]}<\/script>\n<!-- \/ Yoast SEO plugin. -->","yoast_head_json":{"title":"General Terms and Conditions - Fabulous Life Spirit - Coaching + Transformation","robots":{"index":"index","follow":"follow","max-snippet":"max-snippet:-1","max-image-preview":"max-image-preview:large","max-video-preview":"max-video-preview:-1"},"canonical":"https:\/\/fabulous-life-spirit.com\/en\/gtc\/","og_locale":"en_US","og_type":"article","og_title":"General Terms and Conditions - Fabulous Life Spirit - Coaching + Transformation","og_url":"https:\/\/fabulous-life-spirit.com\/en\/gtc\/","og_site_name":"Fabulous Life Spirit - Coaching + Transformation","article_modified_time":"2026-03-26T20:22:38+00:00","twitter_card":"summary_large_image","twitter_misc":{"Est. reading time":"6 minutes"},"schema":{"@context":"https:\/\/schema.org","@graph":[{"@type":"WebPage","@id":"https:\/\/fabulous-life-spirit.com\/en\/gtc\/","url":"https:\/\/fabulous-life-spirit.com\/en\/gtc\/","name":"General Terms and Conditions - Fabulous Life Spirit - Coaching + Transformation","isPartOf":{"@id":"https:\/\/fabulous-life-spirit.com\/en\/#website"},"datePublished":"2024-12-14T12:55:24+00:00","dateModified":"2026-03-26T20:22:38+00:00","breadcrumb":{"@id":"https:\/\/fabulous-life-spirit.com\/en\/gtc\/#breadcrumb"},"inLanguage":"en-US","potentialAction":[{"@type":"ReadAction","target":["https:\/\/fabulous-life-spirit.com\/en\/gtc\/"]}]},{"@type":"BreadcrumbList","@id":"https:\/\/fabulous-life-spirit.com\/en\/gtc\/#breadcrumb","itemListElement":[{"@type":"ListItem","position":1,"name":"Startseite","item":"https:\/\/fabulous-life-spirit.com\/en\/"},{"@type":"ListItem","position":2,"name":"General Terms and Conditions"}]},{"@type":"WebSite","@id":"https:\/\/fabulous-life-spirit.com\/en\/#website","url":"https:\/\/fabulous-life-spirit.com\/en\/","name":"Fabulous Life Spirit - Coaching + Transformation","description":"Claudia Kr\u00fcger I Self-Love Coach + Mentorin I Energy Intuitive I QHD Specialist","potentialAction":[{"@type":"SearchAction","target":{"@type":"EntryPoint","urlTemplate":"https:\/\/fabulous-life-spirit.com\/en\/?s={search_term_string}"},"query-input":{"@type":"PropertyValueSpecification","valueRequired":true,"valueName":"search_term_string"}}],"inLanguage":"en-US"}]}},"_links":{"self":[{"href":"https:\/\/fabulous-life-spirit.com\/en\/wp-json\/wp\/v2\/pages\/2526","targetHints":{"allow":["GET"]}}],"collection":[{"href":"https:\/\/fabulous-life-spirit.com\/en\/wp-json\/wp\/v2\/pages"}],"about":[{"href":"https:\/\/fabulous-life-spirit.com\/en\/wp-json\/wp\/v2\/types\/page"}],"author":[{"embeddable":true,"href":"https:\/\/fabulous-life-spirit.com\/en\/wp-json\/wp\/v2\/users\/1"}],"replies":[{"embeddable":true,"href":"https:\/\/fabulous-life-spirit.com\/en\/wp-json\/wp\/v2\/comments?post=2526"}],"version-history":[{"count":4,"href":"https:\/\/fabulous-life-spirit.com\/en\/wp-json\/wp\/v2\/pages\/2526\/revisions"}],"predecessor-version":[{"id":4092,"href":"https:\/\/fabulous-life-spirit.com\/en\/wp-json\/wp\/v2\/pages\/2526\/revisions\/4092"}],"wp:attachment":[{"href":"https:\/\/fabulous-life-spirit.com\/en\/wp-json\/wp\/v2\/media?parent=2526"}],"curies":[{"name":"wp","href":"https:\/\/api.w.org\/{rel}","templated":true}]}}